{"id":805,"date":"2018-07-29T09:19:04","date_gmt":"2018-07-29T09:19:04","guid":{"rendered":"http:\/\/prodeal-consulting.com\/kontakt"},"modified":"2020-12-07T16:04:00","modified_gmt":"2020-12-07T15:04:00","slug":"contact","status":"publish","type":"page","link":"https:\/\/prodeal-consulting.com\/en\/contact","title":{"rendered":"Contact"},"content":{"rendered":"<div  class=\"features-16 content-section content-section-spacing\" id=\"features-1\" style=\"background-color: rgb(255, 255, 255);\" data-id=\"features--1\" data-label=\"Features\" data-export-id=\"features-16\" data-category=\"features\"><div  class=\"gridContainer\"> <div  class=\"row text-center\"><div  class=\"section-title-col\" data-type=\"column\"> <h2  class=\"\">Get in touch with us.<\/h2> <p  class=\"lead\"><span  style=\"font-weight: 700;\">prodeal consulting\n<\/span><br >Weikersbergstr. 56<br >D-89551 K\u00f6nigsbronn\n<br >Germany<br >Phone: (0049) 7328-9243833<br >Mobile Phone: (0049) 17650692006<br >e-mail: info@prodeal-consulting.com<\/p><\/div> <\/div> <div  class=\"row spaced-cols\" data-type=\"row\">   <div  class=\"col-xs-12 col-sm-6 col-md-4 space-bottom\">  <div  class=\"col-padding-small col-padding-small-xs description-container\" data-type=\"column\">   <\/div> <\/div><\/div> <\/div><\/div><div  class=\"contact-1 content-section content-section-spacing white-text\" id=\"contact-2\" style=\"background-color: rgb(245, 250, 253); background-image: url(&quot;https:\/\/prodeal-consulting.com\/wp-content\/uploads\/2018\/07\/Blauer-Hintergrund.jpg&quot;); background-size: cover; background-position: center top;\" data-parallax-depth=\"20\" data-id=\"contact--2\" data-label=\"Contact\" data-export-id=\"contact-1\" data-category=\"contact\"><div  class=\"gridContainer\"> <div  class=\"row text-center\"><div  class=\"section-title-col\" data-type=\"column\"> <h2  class=\"\">Leave us a message.<\/h2> <p  class=\"lead\">We look forward to hearing from you.<\/p><\/div> <\/div> <div  class=\"row text-center\"> <div  class=\"col-xs-12 col-sm-8 col-sm-offset-2 contact-form-wrapper inline-info\"> <div  class=\"card large-padding\"> <div  data-content-shortcode=\"mesmerize_contact_form shortcode=&quot;wpforms id=&amp;amp;quot;834&amp;amp;quot; title=&amp;amp;quot;false&amp;amp;quot; description=&amp;amp;quot;false&amp;amp;quot;&quot;\" data-editable=\"true\"><div class=\"wpforms-container wpforms-container-full\" id=\"wpforms-834\"><form id=\"wpforms-form-834\" class=\"wpforms-validate wpforms-form\" data-formid=\"834\" method=\"post\" enctype=\"multipart\/form-data\" action=\"\/en\/wp-json\/wp\/v2\/pages\/805\" data-token=\"e545ab14f493bb655eab5c27b01d4d7e\"><noscript class=\"wpforms-error-noscript\">Please enable JavaScript in your browser to complete this form.<\/noscript><div class=\"wpforms-field-container\"><div id=\"wpforms-834-field_0-container\" class=\"wpforms-field wpforms-field-name\" data-field-id=\"0\"><label class=\"wpforms-field-label\" for=\"wpforms-834-field_0\">Name <span class=\"wpforms-required-label\">*<\/span><\/label><div class=\"wpforms-field-row wpforms-field-large\"><div class=\"wpforms-field-row-block wpforms-first wpforms-one-half\"><input type=\"text\" id=\"wpforms-834-field_0\" class=\"wpforms-field-name-first wpforms-field-required\" name=\"wpforms[fields][0][first]\" required><label for=\"wpforms-834-field_0\" class=\"wpforms-field-sublabel after \">First<\/label><\/div><div class=\"wpforms-field-row-block wpforms-one-half\"><input type=\"text\" id=\"wpforms-834-field_0-last\" class=\"wpforms-field-name-last wpforms-field-required\" name=\"wpforms[fields][0][last]\" required><label for=\"wpforms-834-field_0-last\" class=\"wpforms-field-sublabel after \">Last<\/label><\/div><\/div><\/div><div id=\"wpforms-834-field_1-container\" class=\"wpforms-field wpforms-field-email\" data-field-id=\"1\"><label class=\"wpforms-field-label\" for=\"wpforms-834-field_1\">Mail <span class=\"wpforms-required-label\">*<\/span><\/label><input type=\"email\" id=\"wpforms-834-field_1\" class=\"wpforms-field-large wpforms-field-required\" name=\"wpforms[fields][1]\" spellcheck=\"false\" required><\/div><div id=\"wpforms-834-field_4-container\" class=\"wpforms-field wpforms-field-text\" data-field-id=\"4\"><label class=\"wpforms-field-label\" for=\"wpforms-834-field_4\">Subject <span class=\"wpforms-required-label\">*<\/span><\/label><input type=\"text\" id=\"wpforms-834-field_4\" class=\"wpforms-field-medium wpforms-field-required\" name=\"wpforms[fields][4]\" required><\/div><div id=\"wpforms-834-field_2-container\" class=\"wpforms-field wpforms-field-textarea\" data-field-id=\"2\"><label class=\"wpforms-field-label\" for=\"wpforms-834-field_2\">Message <span class=\"wpforms-required-label\">*<\/span><\/label><textarea id=\"wpforms-834-field_2\" class=\"wpforms-field-large wpforms-field-required\" name=\"wpforms[fields][2]\" required><\/textarea><\/div><div id=\"wpforms-834-field_3-container\" class=\"wpforms-field wpforms-field-checkbox\" data-field-id=\"3\"><label class=\"wpforms-field-label\" for=\"wpforms-834-field_3\">Privacy Policy <span class=\"wpforms-required-label\">*<\/span><\/label><ul id=\"wpforms-834-field_3\" class=\"wpforms-field-required\"><li class=\"choice-1 depth-1\"><input type=\"checkbox\" id=\"wpforms-834-field_3_1\" name=\"wpforms[fields][3][]\" value=\"I hereby agree the privacy policy.\" required ><label class=\"wpforms-field-label-inline\" for=\"wpforms-834-field_3_1\">I hereby agree the privacy policy.<\/label><\/li><\/ul><\/div><\/div><!-- .wpforms-field-container --><div class=\"wpforms-field wpforms-field-hp\"><label for=\"wpforms-834-field-hp\" class=\"wpforms-field-label\">Email<\/label><input type=\"text\" name=\"wpforms[hp]\" id=\"wpforms-834-field-hp\" class=\"wpforms-field-medium\"><\/div><div class=\"wpforms-submit-container\" ><input type=\"hidden\" name=\"wpforms[id]\" value=\"834\"><input type=\"hidden\" name=\"wpforms[author]\" value=\"1\"><button type=\"submit\" name=\"wpforms[submit]\" id=\"wpforms-submit-834\" class=\"wpforms-submit button color1\" data-alt-text=\"Sending...\" data-submit-text=\"Send\" aria-live=\"assertive\" value=\"wpforms-submit\">Send<\/button><\/div><\/form><\/div>  <!-- .wpforms-container --><\/div><\/div> <\/div><\/div> <\/div><\/div><div  class=\"contact-4 content-section\" id=\"contact-4\" style=\"background-color: rgb(245, 250, 253);\" data-id=\"contact--4\" data-label=\"Contact\" data-export-id=\"contact-4\" data-category=\"contact\"><div > <div  class=\"row\"><div  class=\"col-xs-12 no-gutter-col\"> <div  data-content-shortcode=\"mesmerize_maps address=&quot;Weikersbergstra\u00dfe 56, 89551 K\u00f6nigsbronn&quot; lng=&quot;Weikersbergstra\u00dfe 56, 89551 K\u00f6nigsbronn&quot; lat=&quot;Weikersbergstra\u00dfe 56, 89551 K\u00f6nigsbronn&quot; zoom=&quot;35&quot;\" data-editable=\"true\">        <div class=\"mesmerize-google-maps\" style=\"width:100%\">\n            <iframe style=\"width:100%; height:100%;min-height:inherit;display:block;\" src=\"https:\/\/maps.google.com\/maps?q=Weikersbergstra%C3%9Fe+56%2C+89551+K%C3%B6nigsbronn&#038;z=7&#038;output=embed&#038;iwloc=near&#038;ll=Weikersbergstra\u00dfe%2056,%2089551%20K\u00f6nigsbronn,Weikersbergstra\u00dfe%2056,%2089551%20K\u00f6nigsbronn\"><\/iframe>\n        <\/div>\n    <\/div><\/div> <\/div><\/div> <\/div>","protected":false},"excerpt":{"rendered":"<p>Get in touch with us. prodeal consulting Weikersbergstr. 56D-89551 K\u00f6nigsbronn GermanyPhone: (0049) 7328-9243833Mobile Phone: (0049) 17650692006e-mail: info@prodeal-consulting.com Leave us a message. We look forward to hearing from you.<\/p>\n","protected":false},"author":1,"featured_media":1078,"parent":0,"menu_order":0,"comment_status":"closed","ping_status":"closed","template":"pro\/page-templates\/full-width-page.php","meta":[],"_links":{"self":[{"href":"https:\/\/prodeal-consulting.com\/en\/wp-json\/wp\/v2\/pages\/805"}],"collection":[{"href":"https:\/\/prodeal-consulting.com\/en\/wp-json\/wp\/v2\/pages"}],"about":[{"href":"https:\/\/prodeal-consulting.com\/en\/wp-json\/wp\/v2\/types\/page"}],"author":[{"embeddable":true,"href":"https:\/\/prodeal-consulting.com\/en\/wp-json\/wp\/v2\/users\/1"}],"replies":[{"embeddable":true,"href":"https:\/\/prodeal-consulting.com\/en\/wp-json\/wp\/v2\/comments?post=805"}],"version-history":[{"count":10,"href":"https:\/\/prodeal-consulting.com\/en\/wp-json\/wp\/v2\/pages\/805\/revisions"}],"predecessor-version":[{"id":1260,"href":"https:\/\/prodeal-consulting.com\/en\/wp-json\/wp\/v2\/pages\/805\/revisions\/1260"}],"wp:featuredmedia":[{"embeddable":true,"href":"https:\/\/prodeal-consulting.com\/en\/wp-json\/wp\/v2\/media\/1078"}],"wp:attachment":[{"href":"https:\/\/prodeal-consulting.com\/en\/wp-json\/wp\/v2\/media?parent=805"}],"curies":[{"name":"wp","href":"https:\/\/api.w.org\/{rel}","templated":true}]}}