{"id":803,"date":"2018-11-13T18:08:20","date_gmt":"2018-11-13T17:08:20","guid":{"rendered":"http:\/\/prodeal-consulting.com\/impressum"},"modified":"2018-11-19T18:32:36","modified_gmt":"2018-11-19T17:32:36","slug":"impressum","status":"publish","type":"page","link":"https:\/\/prodeal-consulting.com\/en\/impressum","title":{"rendered":"Site Notice"},"content":{"rendered":"<div  data-label=\"Features\" data-id=\"features--1\" data-export-id=\"features-12\" data-category=\"features\" class=\"features-12 content-section content-section-spacing \" id=\"features-1\" style=\"background-color: rgb(255, 255, 255);\"><div  class=\"gridContainer\"> <div  class=\"row text-center\"><div  class=\"section-title-col\" data-type=\"column\">  <p  class=\"lead\" style=\"text-align: left;\"><span  style=\"font-weight: 900;\">IMPRESSUM<\/span><br >\r\nDr. Klaus Raddatz<br >Weikersbergstr. 56<br >\r\n89551 K\u00f6nigsbronn<br >\r\nTelefon: 017650692006<br >\r\nMail: klaus.raddatz@t-online.de<br >\r\nWeb: www.prodeal-consulting.com<br >\r\nInhaltlich Verantwortlicher gem. \u00a7 55 II RStV: Dr. Klaus Raddatz (Anschrift s.o.)\r\n<br ><br ><br >\r\n<span  style=\"font-weight: 600;\">HAFTUNG F\u00dcR INHALTE<\/span><br >\r\nDie Inhalte dieser Website werden mit gr\u00f6\u00dftm\u00f6glicher Sorgfalt erstellt. Der Anbieter \u00fcbernimmt jedoch keine Gew\u00e4hr f\u00fcr die Richtigkeit, Vollst\u00e4ndigkeit und Aktualit\u00e4t der bereitgestellten Inhalte. Die Nutzung der Inhalte der Website erfolgt auf eigene Gefahr des Nutzers. Namentlich gekennzeichnete Beitr\u00e4ge geben die Meinung des jeweiligen Autors und nicht immer die Meinung des Anbieters wieder. Mit der reinen Nutzung der Website des Anbieters kommt keinerlei Vertragsverh\u00e4ltnis zwischen dem Nutzer und dem Anbieter zustande.\r\n<br ><br >\r\n<span  style=\"font-weight: 600;\">HAFTUNG F\u00dcR EXTERNE LINKS<\/span><br >\r\nDiese Webseite enth\u00e4lt Links zu externen Webseiten Dritter, auf deren Inhalte wir keinen Einfluss haben. Demzufolge sind wir auch nicht f\u00fcr die Inhalte dieser Seiten verantwortlich oder haften f\u00fcr deren Inhalte in irgendeiner Form. F\u00fcr die Inhalte der verlinkten Seiten ist stets der jeweilige Anbieter oder Betreiber der Seiten verantwortlich.\r\n<br ><br >\r\n<span  style=\"font-weight: 600;\">DATENSCHUTZ<\/span><br >\r\nWir weisen ausdr\u00fccklich darauf hin, dass die Daten\u00fcbertragung im Internet (z.B. bei der Kommunikation per E-Mail) Sicherheitsl\u00fccken aufweisen und nicht l\u00fcckenlos vor dem Zugriff durch Dritte gesch\u00fctzt werden kann. Die Verwendung der Kontaktdaten unseres Impressums zur gewerblichen Werbung ist ausdr\u00fccklich nicht erw\u00fcnscht, es sei denn wir hatten zuvor unsere schriftliche Einwilligung erteilt oder es besteht bereits eine Gesch\u00e4ftsbeziehung. Der Anbieter und alle auf dieser Website genannten Personen widersprechen hiermit jeder kommerziellen Verwendung und Weitergabe ihrer Daten.\r\n<br ><br >\r\n<span  style=\"font-weight: 600;\">URHEBERRECHT<\/span><br >\r\nDer Betreiber der Seiten ist bem\u00fcht, stets die Urheberrechte anderer zu beachten. Sollten wir bestehende Schutzrechte \u00fcbersehen haben, so bitten wir um einen unb\u00fcrokratischen Hinweis und werden schnellstm\u00f6glich eine Kl\u00e4rung herbeif\u00fchren. Die durch die Seitenbetreiber erstellten Inhalte und Werke auf diesen Seiten unterliegen dem deutschen Urheberrecht. Die Vervielf\u00e4ltigung, Bearbeitung, Verbreitung und jede Art der Verwertung au\u00dferhalb der Grenzen des Urheberrechtes bed\u00fcrfen der schriftlichen Zustimmung des jeweiligen Autors bzw. Erstellers. Downloads und Kopien dieser Seite sind nur f\u00fcr den privaten, nicht kommerziellen Gebrauch gestattet.<\/p><\/div> <\/div> <div  class=\"row spaced-cols\" data-type=\"row\">    <div  class=\"col-sm-6\"><div  class=\"row space-bottom\"> <div  class=\"col-sm-fit icon-column\" data-preview-empty=\"1\"><\/div> <div  class=\"col-sm\" data-type=\"column\"> <\/div> <\/div><\/div> <\/div><\/div> <\/div>","protected":false},"excerpt":{"rendered":"<p>IMPRESSUM Dr. Klaus RaddatzWeikersbergstr. 56 89551 K\u00f6nigsbronn Telefon: 017650692006 Mail: klaus.raddatz@t-online.de Web: www.prodeal-consulting.com Inhaltlich Verantwortlicher gem. \u00a7 55 II RStV: Dr. Klaus Raddatz (Anschrift s.o.) HAFTUNG F\u00dcR INHALTE Die Inhalte&hellip; <br \/> <a class=\"read-more\" href=\"https:\/\/prodeal-consulting.com\/en\/impressum\">Read more<\/a><\/p>\n","protected":false},"author":1,"featured_media":0,"parent":0,"menu_order":0,"comment_status":"closed","ping_status":"closed","template":"pro\/page-templates\/full-width-page.php","meta":[],"_links":{"self":[{"href":"https:\/\/prodeal-consulting.com\/en\/wp-json\/wp\/v2\/pages\/803"}],"collection":[{"href":"https:\/\/prodeal-consulting.com\/en\/wp-json\/wp\/v2\/pages"}],"about":[{"href":"https:\/\/prodeal-consulting.com\/en\/wp-json\/wp\/v2\/types\/page"}],"author":[{"embeddable":true,"href":"https:\/\/prodeal-consulting.com\/en\/wp-json\/wp\/v2\/users\/1"}],"replies":[{"embeddable":true,"href":"https:\/\/prodeal-consulting.com\/en\/wp-json\/wp\/v2\/comments?post=803"}],"version-history":[{"count":2,"href":"https:\/\/prodeal-consulting.com\/en\/wp-json\/wp\/v2\/pages\/803\/revisions"}],"predecessor-version":[{"id":821,"href":"https:\/\/prodeal-consulting.com\/en\/wp-json\/wp\/v2\/pages\/803\/revisions\/821"}],"wp:attachment":[{"href":"https:\/\/prodeal-consulting.com\/en\/wp-json\/wp\/v2\/media?parent=803"}],"curies":[{"name":"wp","href":"https:\/\/api.w.org\/{rel}","templated":true}]}}